{"id":112,"date":"2026-02-19T10:55:57","date_gmt":"2026-02-19T15:55:57","guid":{"rendered":"http:\/\/localhost\/wordpress\/?page_id=112"},"modified":"2026-02-19T10:56:27","modified_gmt":"2026-02-19T15:56:27","slug":"top-musical","status":"publish","type":"page","link":"https:\/\/lainvasora.com.co\/index.php\/top-musical\/","title":{"rendered":"Top Musical"},"content":{"rendered":"\t\t<div data-elementor-type=\"wp-page\" data-elementor-id=\"112\" class=\"elementor elementor-112\">\n\t\t\t\t<div class=\"elementor-element elementor-element-8bf1eac e-flex e-con-boxed e-con e-parent\" data-id=\"8bf1eac\" data-element_type=\"container\" data-e-type=\"container\">\n\t\t\t\t\t<div class=\"e-con-inner\">\n\t\t<div class=\"elementor-element elementor-element-cf67995 e-con-full e-flex e-con e-child\" data-id=\"cf67995\" data-element_type=\"container\" data-e-type=\"container\">\n\t\t\t\t<\/div>\n\t\t<div class=\"elementor-element elementor-element-6079fb4 e-con-full e-flex e-con e-child\" data-id=\"6079fb4\" data-element_type=\"container\" data-e-type=\"container\">\n\t\t\t\t<div class=\"elementor-element elementor-element-110d8a1 elementor-widget elementor-widget-rwa_top_musical\" data-id=\"110d8a1\" data-element_type=\"widget\" data-e-type=\"widget\" data-widget_type=\"rwa_top_musical.default\">\n\t\t\t\t<div class=\"elementor-widget-container\">\n\t\t\t\t\t\t\t<div class=\"rwa-top-musical-section rwa-top-musical-section--table\">\n\n\t\t\t\t\t\t\t\t\t<div class=\"rwa-top-musical__header\">\n\t\t\t<h2 class=\"rwa-top-musical__title\">\n\t\t\t\tLas 20 Latinas\t\t\t\t\t\t\t\t\t<svg class=\"rwa-top-musical__title-arrow\" width=\"24\" height=\"24\" viewBox=\"0 0 24 24\" fill=\"none\" stroke=\"currentColor\" stroke-width=\"2.5\" stroke-linecap=\"round\" stroke-linejoin=\"round\"><polyline points=\"9 18 15 12 9 6\"\/><\/svg>\n\t\t\t\t\t\t\t<\/h2>\n\t\t<\/div>\n\t\t\t\t\t\n\t\t\t<!-- Sort icon decorativo -->\n\t\t\t<div class=\"rwa-top-table__toolbar\">\n\t\t\t\t<svg class=\"rwa-top-table__sort-icon\" width=\"18\" height=\"18\" viewBox=\"0 0 24 24\" fill=\"none\" stroke=\"currentColor\" stroke-width=\"2\" stroke-linecap=\"round\" stroke-linejoin=\"round\">\n\t\t\t\t\t<line x1=\"4\" y1=\"6\" x2=\"16\" y2=\"6\"\/><line x1=\"4\" y1=\"12\" x2=\"12\" y2=\"12\"\/><line x1=\"4\" y1=\"18\" x2=\"8\" y2=\"18\"\/>\n\t\t\t\t\t<polyline points=\"15 15 18 18 21 15\"\/>\n\t\t\t\t<\/svg>\n\t\t\t<\/div>\n\n\t\t\t<!-- Column headers -->\n\t\t\t<div class=\"rwa-top-table__head\">\n\t\t\t\t\t\t\t\t\t<span class=\"rwa-top-table__th rwa-top-table__th--num\">#<\/span>\n\t\t\t\t\t\t\t\t<span class=\"rwa-top-table__th rwa-top-table__th--title\">T\u00edtulo<\/span>\n\t\t\t\t\t\t\t\t\t<span class=\"rwa-top-table__th rwa-top-table__th--artist\">Artista<\/span>\n\t\t\t\t\t\t\t\t\t\t\t\t\t<span class=\"rwa-top-table__th rwa-top-table__th--move\">\n\t\t\t\t\t\t<svg width=\"14\" height=\"14\" viewBox=\"0 0 24 24\" fill=\"none\" stroke=\"currentColor\" stroke-width=\"2\"><circle cx=\"12\" cy=\"12\" r=\"10\"\/><\/svg>\n\t\t\t\t\t<\/span>\n\t\t\t\t\t\t\t<\/div>\n\n\t\t\t<!-- Rows -->\n\t\t\t<div class=\"rwa-top-table__body\">\n\t\t\t\t\t\t<a class=\"rwa-top-table__row\"  href=\"https:\/\/youtu.be\/uldstTKAytg?list=RDuldstTKAytg\" target=\"_blank\" rel=\"noopener noreferrer\" data-movement=\"new\">\n\n\t\t\t\t\t\t<span class=\"rwa-top-table__cell rwa-top-table__cell--num\">1<\/span>\n\t\t\t\n\t\t\t<div class=\"rwa-top-table__cell rwa-top-table__cell--title\">\n\t\t\t\t\t\t\t\t<div class=\"rwa-top-table__thumb\">\n\t\t\t\t\t\t\t\t\t\t\t<img decoding=\"async\" src=\"https:\/\/img.youtube.com\/vi\/uldstTKAytg\/hqdefault.jpg\" alt=\"Morat &#8211; Acu\u00e9rdate De M\u00ed\" loading=\"lazy\" \/>\n\t\t\t\t\t\t\t\t\t<\/div>\n\t\t\t\t\t\t\t\t<span class=\"rwa-top-table__song-name\">Morat &#8211; Acu\u00e9rdate De M\u00ed<\/span>\n\t\t\t<\/div>\n\n\t\t\t\t\t\t<span class=\"rwa-top-table__cell rwa-top-table__cell--artist\">Morat - Acu\u00e9rdate De M\u00ed<\/span>\n\t\t\t\n\t\t\t\t\t\t<div class=\"rwa-top-table__cell rwa-top-table__cell--move rwa-top-song__movement--new\">\n\t\t\t\t\t\t\t\t\t<span class=\"rwa-top-song__badge-new\">NEW<\/span>\n\t\t\t\t\t\t\t<\/div>\n\t\t\t\n\t\t<\/a>\n\t\t\t\t<a class=\"rwa-top-table__row\"  href=\"https:\/\/youtu.be\/pwIu-GSvWro?list=RDpwIu-GSvWro\" target=\"_blank\" rel=\"noopener noreferrer\" data-movement=\"new\">\n\n\t\t\t\t\t\t<span class=\"rwa-top-table__cell rwa-top-table__cell--num\">2<\/span>\n\t\t\t\n\t\t\t<div class=\"rwa-top-table__cell rwa-top-table__cell--title\">\n\t\t\t\t\t\t\t\t<div class=\"rwa-top-table__thumb\">\n\t\t\t\t\t\t\t\t\t\t\t<img decoding=\"async\" src=\"https:\/\/img.youtube.com\/vi\/pwIu-GSvWro\/hqdefault.jpg\" alt=\"Yeison Jimenez, Luis Alfonso l Destino Final\" loading=\"lazy\" \/>\n\t\t\t\t\t\t\t\t\t<\/div>\n\t\t\t\t\t\t\t\t<span class=\"rwa-top-table__song-name\">Yeison Jimenez, Luis Alfonso l Destino Final<\/span>\n\t\t\t<\/div>\n\n\t\t\t\t\t\t<span class=\"rwa-top-table__cell rwa-top-table__cell--artist\">Yeison Jimenez, Luis Alfonso l Destino Final<\/span>\n\t\t\t\n\t\t\t\t\t\t<div class=\"rwa-top-table__cell rwa-top-table__cell--move rwa-top-song__movement--new\">\n\t\t\t\t\t\t\t\t\t<span class=\"rwa-top-song__badge-new\">NEW<\/span>\n\t\t\t\t\t\t\t<\/div>\n\t\t\t\n\t\t<\/a>\n\t\t\t\t<a class=\"rwa-top-table__row\"  href=\"https:\/\/youtu.be\/NqTKZJkiDWQ?list=RDpwIu-GSvWro\" target=\"_blank\" rel=\"noopener noreferrer\" data-movement=\"new\">\n\n\t\t\t\t\t\t<span class=\"rwa-top-table__cell rwa-top-table__cell--num\">3<\/span>\n\t\t\t\n\t\t\t<div class=\"rwa-top-table__cell rwa-top-table__cell--title\">\n\t\t\t\t\t\t\t\t<div class=\"rwa-top-table__thumb\">\n\t\t\t\t\t\t\t\t\t\t\t<img decoding=\"async\" src=\"https:\/\/img.youtube.com\/vi\/NqTKZJkiDWQ\/hqdefault.jpg\" alt=\"Yeison Jimenez l Se Acabo\u0301\" loading=\"lazy\" \/>\n\t\t\t\t\t\t\t\t\t<\/div>\n\t\t\t\t\t\t\t\t<span class=\"rwa-top-table__song-name\">Yeison Jimenez l Se Acabo\u0301<\/span>\n\t\t\t<\/div>\n\n\t\t\t\t\t\t<span class=\"rwa-top-table__cell rwa-top-table__cell--artist\">Yeison Jimenez<\/span>\n\t\t\t\n\t\t\t\t\t\t<div class=\"rwa-top-table__cell rwa-top-table__cell--move rwa-top-song__movement--new\">\n\t\t\t\t\t\t\t\t\t<span class=\"rwa-top-song__badge-new\">NEW<\/span>\n\t\t\t\t\t\t\t<\/div>\n\t\t\t\n\t\t<\/a>\n\t\t\t\t<a class=\"rwa-top-table__row\"  href=\"https:\/\/youtu.be\/cDh7e8dLklE?list=RDNqTKZJkiDWQ\" target=\"_blank\" rel=\"noopener noreferrer\" data-movement=\"new\">\n\n\t\t\t\t\t\t<span class=\"rwa-top-table__cell rwa-top-table__cell--num\">4<\/span>\n\t\t\t\n\t\t\t<div class=\"rwa-top-table__cell rwa-top-table__cell--title\">\n\t\t\t\t\t\t\t\t<div class=\"rwa-top-table__thumb\">\n\t\t\t\t\t\t\t\t\t\t\t<img decoding=\"async\" src=\"https:\/\/img.youtube.com\/vi\/cDh7e8dLklE\/hqdefault.jpg\" alt=\"Maluma, Yeison Jimenez &#8211; Con el Coraz\u00f3n (Official Video)\" loading=\"lazy\" \/>\n\t\t\t\t\t\t\t\t\t<\/div>\n\t\t\t\t\t\t\t\t<span class=\"rwa-top-table__song-name\">Maluma, Yeison Jimenez &#8211; Con el Coraz\u00f3n (Official Video)<\/span>\n\t\t\t<\/div>\n\n\t\t\t\t\t\t<span class=\"rwa-top-table__cell rwa-top-table__cell--artist\"><\/span>\n\t\t\t\n\t\t\t\t\t\t<div class=\"rwa-top-table__cell rwa-top-table__cell--move rwa-top-song__movement--new\">\n\t\t\t\t\t\t\t\t\t<span class=\"rwa-top-song__badge-new\">NEW<\/span>\n\t\t\t\t\t\t\t<\/div>\n\t\t\t\n\t\t<\/a>\n\t\t\t\t\t<\/div>\n\t\t<\/div>\n\t\t\t\t\t\t<\/div>\n\t\t\t\t<\/div>\n\t\t\t\t<\/div>\n\t\t\t\t\t<\/div>\n\t\t\t\t<\/div>\n\t\t\t\t<\/div>\n\t\t","protected":false},"excerpt":{"rendered":"<p>Las 20 Latinas # T\u00edtulo Artista 1 Morat &#8211; Acu\u00e9rdate De M\u00ed Morat &#8211; Acu\u00e9rdate De M\u00ed NEW 2 Yeison Jimenez, Luis Alfonso l Destino&hellip;<\/p>\n","protected":false},"author":1,"featured_media":0,"parent":0,"menu_order":0,"comment_status":"closed","ping_status":"closed","template":"elementor_header_footer","meta":{"footnotes":""},"class_list":["post-112","page","type-page","status-publish","hentry"],"_links":{"self":[{"href":"https:\/\/lainvasora.com.co\/index.php\/wp-json\/wp\/v2\/pages\/112","targetHints":{"allow":["GET"]}}],"collection":[{"href":"https:\/\/lainvasora.com.co\/index.php\/wp-json\/wp\/v2\/pages"}],"about":[{"href":"https:\/\/lainvasora.com.co\/index.php\/wp-json\/wp\/v2\/types\/page"}],"author":[{"embeddable":true,"href":"https:\/\/lainvasora.com.co\/index.php\/wp-json\/wp\/v2\/users\/1"}],"replies":[{"embeddable":true,"href":"https:\/\/lainvasora.com.co\/index.php\/wp-json\/wp\/v2\/comments?post=112"}],"version-history":[{"count":4,"href":"https:\/\/lainvasora.com.co\/index.php\/wp-json\/wp\/v2\/pages\/112\/revisions"}],"predecessor-version":[{"id":116,"href":"https:\/\/lainvasora.com.co\/index.php\/wp-json\/wp\/v2\/pages\/112\/revisions\/116"}],"wp:attachment":[{"href":"https:\/\/lainvasora.com.co\/index.php\/wp-json\/wp\/v2\/media?parent=112"}],"curies":[{"name":"wp","href":"https:\/\/api.w.org\/{rel}","templated":true}]}}