{"id":265,"date":"2026-03-30T10:16:11","date_gmt":"2026-03-30T15:16:11","guid":{"rendered":"http:\/\/localhost\/wordpress\/?page_id=265"},"modified":"2026-03-30T10:34:51","modified_gmt":"2026-03-30T15:34:51","slug":"programacion","status":"publish","type":"page","link":"https:\/\/lainvasora.com.co\/index.php\/programacion\/","title":{"rendered":"Programaci\u00f3n"},"content":{"rendered":"\t\t<div data-elementor-type=\"wp-page\" data-elementor-id=\"265\" class=\"elementor elementor-265\">\n\t\t\t\t<div class=\"elementor-element elementor-element-9348de3 e-flex e-con-boxed e-con e-parent\" data-id=\"9348de3\" data-element_type=\"container\" data-e-type=\"container\">\n\t\t\t\t\t<div class=\"e-con-inner\">\n\t\t\t\t<div class=\"elementor-element elementor-element-dfa76cf elementor-widget elementor-widget-rwa_programacion\" data-id=\"dfa76cf\" data-element_type=\"widget\" data-e-type=\"widget\" data-widget_type=\"rwa_programacion.default\">\n\t\t\t\t<div class=\"elementor-widget-container\">\n\t\t\t\t\t\t\t<div class=\"rwa-programacion-section rwa-prog--weekly\" id=\"rwa-weekly-6639\"\n\t\t     data-prog-schedule=\"{&quot;timezone&quot;:&quot;America\\\/Bogota&quot;,&quot;days_keys&quot;:[&quot;lunes&quot;,&quot;martes&quot;,&quot;miercoles&quot;,&quot;jueves&quot;,&quot;viernes&quot;,&quot;sabado&quot;,&quot;domingo&quot;],&quot;schedule&quot;:{&quot;lunes&quot;:[{&quot;name&quot;:&quot;La Invasora Conectado contigo24\\\/7&quot;,&quot;photo&quot;:&quot;https:\\\/\\\/app.asiserver.com\\\/clientes\\\/uploads\\\/programas\\\/programa_69df8b90e82c88.84137007.png&quot;,&quot;description&quot;:&quot;&quot;,&quot;locutores&quot;:[],&quot;inicio&quot;:&quot;05:00:00&quot;,&quot;fin&quot;:&quot;23:00:00&quot;}],&quot;martes&quot;:[{&quot;name&quot;:&quot;La Invasora Conectado contigo24\\\/7&quot;,&quot;photo&quot;:&quot;https:\\\/\\\/app.asiserver.com\\\/clientes\\\/uploads\\\/programas\\\/programa_69df8b90e82c88.84137007.png&quot;,&quot;description&quot;:&quot;&quot;,&quot;locutores&quot;:[],&quot;inicio&quot;:&quot;05:00:00&quot;,&quot;fin&quot;:&quot;23:00:00&quot;}],&quot;miercoles&quot;:[{&quot;name&quot;:&quot;La Invasora Conectado contigo24\\\/7&quot;,&quot;photo&quot;:&quot;https:\\\/\\\/app.asiserver.com\\\/clientes\\\/uploads\\\/programas\\\/programa_69df8b90e82c88.84137007.png&quot;,&quot;description&quot;:&quot;&quot;,&quot;locutores&quot;:[],&quot;inicio&quot;:&quot;05:00:00&quot;,&quot;fin&quot;:&quot;23:00:00&quot;}],&quot;jueves&quot;:[{&quot;name&quot;:&quot;La Invasora Conectado contigo24\\\/7&quot;,&quot;photo&quot;:&quot;https:\\\/\\\/app.asiserver.com\\\/clientes\\\/uploads\\\/programas\\\/programa_69df8b90e82c88.84137007.png&quot;,&quot;description&quot;:&quot;&quot;,&quot;locutores&quot;:[],&quot;inicio&quot;:&quot;05:00:00&quot;,&quot;fin&quot;:&quot;23:00:00&quot;}],&quot;viernes&quot;:[{&quot;name&quot;:&quot;La Invasora Conectado contigo24\\\/7&quot;,&quot;photo&quot;:&quot;https:\\\/\\\/app.asiserver.com\\\/clientes\\\/uploads\\\/programas\\\/programa_69df8b90e82c88.84137007.png&quot;,&quot;description&quot;:&quot;&quot;,&quot;locutores&quot;:[],&quot;inicio&quot;:&quot;05:00:00&quot;,&quot;fin&quot;:&quot;23:00:00&quot;}],&quot;sabado&quot;:[{&quot;name&quot;:&quot;La Invasora Conectado contigo24\\\/7&quot;,&quot;photo&quot;:&quot;https:\\\/\\\/app.asiserver.com\\\/clientes\\\/uploads\\\/programas\\\/programa_69df8b90e82c88.84137007.png&quot;,&quot;description&quot;:&quot;&quot;,&quot;locutores&quot;:[],&quot;inicio&quot;:&quot;05:00:00&quot;,&quot;fin&quot;:&quot;23:00:00&quot;}],&quot;domingo&quot;:[{&quot;name&quot;:&quot;La Invasora Conectado contigo24\\\/7&quot;,&quot;photo&quot;:&quot;https:\\\/\\\/app.asiserver.com\\\/clientes\\\/uploads\\\/programas\\\/programa_69df8b90e82c88.84137007.png&quot;,&quot;description&quot;:&quot;&quot;,&quot;locutores&quot;:[],&quot;inicio&quot;:&quot;05:00:00&quot;,&quot;fin&quot;:&quot;23:00:00&quot;}]}}\">\n\t\t\t\t\t<div class=\"rwa-programacion-section__header\">\n\t\t\t<h2 class=\"rwa-programacion-section__title\">Nuestra Programaci\u00f3n<\/h2>\n\t\t<\/div>\n\t\t\n\t\t\t<!-- Day tabs -->\n\t\t\t<div class=\"rwa-weekly__tabs\" role=\"tablist\">\n\t\t\t\t\t\t\t\t<button class=\"rwa-weekly__tab \"\n\t\t\t\t        role=\"tab\"\n\t\t\t\t        aria-selected=\"false\"\n\t\t\t\t        data-day=\"lunes\">\n\t\t\t\t\t<span class=\"rwa-weekly__tab-full\">Lunes<\/span>\n\t\t\t\t\t<span class=\"rwa-weekly__tab-short\">Lun<\/span>\n\t\t\t\t\t\t\t\t\t<\/button>\n\t\t\t\t\t\t\t\t<button class=\"rwa-weekly__tab \"\n\t\t\t\t        role=\"tab\"\n\t\t\t\t        aria-selected=\"false\"\n\t\t\t\t        data-day=\"martes\">\n\t\t\t\t\t<span class=\"rwa-weekly__tab-full\">Martes<\/span>\n\t\t\t\t\t<span class=\"rwa-weekly__tab-short\">Mar<\/span>\n\t\t\t\t\t\t\t\t\t<\/button>\n\t\t\t\t\t\t\t\t<button class=\"rwa-weekly__tab \"\n\t\t\t\t        role=\"tab\"\n\t\t\t\t        aria-selected=\"false\"\n\t\t\t\t        data-day=\"miercoles\">\n\t\t\t\t\t<span class=\"rwa-weekly__tab-full\">Mi\u00e9rcoles<\/span>\n\t\t\t\t\t<span class=\"rwa-weekly__tab-short\">Mi\u00e9<\/span>\n\t\t\t\t\t\t\t\t\t<\/button>\n\t\t\t\t\t\t\t\t<button class=\"rwa-weekly__tab rwa-weekly__tab--active rwa-weekly__tab--today\"\n\t\t\t\t        role=\"tab\"\n\t\t\t\t        aria-selected=\"true\"\n\t\t\t\t        data-day=\"jueves\">\n\t\t\t\t\t<span class=\"rwa-weekly__tab-full\">Jueves<\/span>\n\t\t\t\t\t<span class=\"rwa-weekly__tab-short\">Jue<\/span>\n\t\t\t\t\t\t\t\t\t\t\t<span class=\"rwa-weekly__tab-badge\">Hoy<\/span>\n\t\t\t\t\t\t\t\t\t<\/button>\n\t\t\t\t\t\t\t\t<button class=\"rwa-weekly__tab \"\n\t\t\t\t        role=\"tab\"\n\t\t\t\t        aria-selected=\"false\"\n\t\t\t\t        data-day=\"viernes\">\n\t\t\t\t\t<span class=\"rwa-weekly__tab-full\">Viernes<\/span>\n\t\t\t\t\t<span class=\"rwa-weekly__tab-short\">Vie<\/span>\n\t\t\t\t\t\t\t\t\t<\/button>\n\t\t\t\t\t\t\t\t<button class=\"rwa-weekly__tab \"\n\t\t\t\t        role=\"tab\"\n\t\t\t\t        aria-selected=\"false\"\n\t\t\t\t        data-day=\"sabado\">\n\t\t\t\t\t<span class=\"rwa-weekly__tab-full\">S\u00e1bado<\/span>\n\t\t\t\t\t<span class=\"rwa-weekly__tab-short\">S\u00e1b<\/span>\n\t\t\t\t\t\t\t\t\t<\/button>\n\t\t\t\t\t\t\t\t<button class=\"rwa-weekly__tab \"\n\t\t\t\t        role=\"tab\"\n\t\t\t\t        aria-selected=\"false\"\n\t\t\t\t        data-day=\"domingo\">\n\t\t\t\t\t<span class=\"rwa-weekly__tab-full\">Domingo<\/span>\n\t\t\t\t\t<span class=\"rwa-weekly__tab-short\">Dom<\/span>\n\t\t\t\t\t\t\t\t\t<\/button>\n\t\t\t\t\t\t\t<\/div>\n\n\t\t\t<!-- Day panels -->\n\t\t\t\t\t\t<div class=\"rwa-weekly__panel \"\n\t\t\t     data-day=\"lunes\"\n\t\t\t     role=\"tabpanel\">\n\t\t\t\t\t\t\t\t\t\t\t\t\t\t<div class=\"rwa-weekly__item \"\n\t\t\t\t\t     data-inicio=\"05:00:00\"\n\t\t\t\t\t     data-fin=\"23:00:00\">\n\n\t\t\t\t\t\t\n\t\t\t\t\t\t<div class=\"rwa-weekly__item-time\">\n\t\t\t\t\t\t\t<span class=\"rwa-weekly__time-start\">05:00<\/span>\n\t\t\t\t\t\t\t<span class=\"rwa-weekly__time-sep\">\u2014<\/span>\n\t\t\t\t\t\t\t<span class=\"rwa-weekly__time-end\">23:00<\/span>\n\t\t\t\t\t\t<\/div>\n\n\t\t\t\t\t\t<div class=\"rwa-weekly__item-content\">\n\t\t\t\t\t\t\t\t\t\t\t\t\t\t\t<div class=\"rwa-weekly__item-photo\">\n\t\t\t\t\t\t\t\t\t<img decoding=\"async\" src=\"https:\/\/app.asiserver.com\/clientes\/uploads\/programas\/programa_69df8b90e82c88.84137007.png\" alt=\"La Invasora Conectado contigo24\/7\" loading=\"lazy\" \/>\n\t\t\t\t\t\t\t\t<\/div>\n\t\t\t\t\t\t\t\n\t\t\t\t\t\t\t<div class=\"rwa-weekly__item-info\">\n\t\t\t\t\t\t\t\t<h4 class=\"rwa-weekly__item-name\">La Invasora Conectado contigo24\/7<\/h4>\n\n\t\t\t\t\t\t\t\t\n\t\t\t\t\t\t\t\t\t\t\t\t\t\t\t<\/div>\n\t\t\t\t\t\t<\/div>\n\t\t\t\t\t<\/div>\n\t\t\t\t\t\t\t\t\t\t\t\t<\/div>\n\t\t\t\t\t\t<div class=\"rwa-weekly__panel \"\n\t\t\t     data-day=\"martes\"\n\t\t\t     role=\"tabpanel\">\n\t\t\t\t\t\t\t\t\t\t\t\t\t\t<div class=\"rwa-weekly__item \"\n\t\t\t\t\t     data-inicio=\"05:00:00\"\n\t\t\t\t\t     data-fin=\"23:00:00\">\n\n\t\t\t\t\t\t\n\t\t\t\t\t\t<div class=\"rwa-weekly__item-time\">\n\t\t\t\t\t\t\t<span class=\"rwa-weekly__time-start\">05:00<\/span>\n\t\t\t\t\t\t\t<span class=\"rwa-weekly__time-sep\">\u2014<\/span>\n\t\t\t\t\t\t\t<span class=\"rwa-weekly__time-end\">23:00<\/span>\n\t\t\t\t\t\t<\/div>\n\n\t\t\t\t\t\t<div class=\"rwa-weekly__item-content\">\n\t\t\t\t\t\t\t\t\t\t\t\t\t\t\t<div class=\"rwa-weekly__item-photo\">\n\t\t\t\t\t\t\t\t\t<img decoding=\"async\" src=\"https:\/\/app.asiserver.com\/clientes\/uploads\/programas\/programa_69df8b90e82c88.84137007.png\" alt=\"La Invasora Conectado contigo24\/7\" loading=\"lazy\" \/>\n\t\t\t\t\t\t\t\t<\/div>\n\t\t\t\t\t\t\t\n\t\t\t\t\t\t\t<div class=\"rwa-weekly__item-info\">\n\t\t\t\t\t\t\t\t<h4 class=\"rwa-weekly__item-name\">La Invasora Conectado contigo24\/7<\/h4>\n\n\t\t\t\t\t\t\t\t\n\t\t\t\t\t\t\t\t\t\t\t\t\t\t\t<\/div>\n\t\t\t\t\t\t<\/div>\n\t\t\t\t\t<\/div>\n\t\t\t\t\t\t\t\t\t\t\t\t<\/div>\n\t\t\t\t\t\t<div class=\"rwa-weekly__panel \"\n\t\t\t     data-day=\"miercoles\"\n\t\t\t     role=\"tabpanel\">\n\t\t\t\t\t\t\t\t\t\t\t\t\t\t<div class=\"rwa-weekly__item \"\n\t\t\t\t\t     data-inicio=\"05:00:00\"\n\t\t\t\t\t     data-fin=\"23:00:00\">\n\n\t\t\t\t\t\t\n\t\t\t\t\t\t<div class=\"rwa-weekly__item-time\">\n\t\t\t\t\t\t\t<span class=\"rwa-weekly__time-start\">05:00<\/span>\n\t\t\t\t\t\t\t<span class=\"rwa-weekly__time-sep\">\u2014<\/span>\n\t\t\t\t\t\t\t<span class=\"rwa-weekly__time-end\">23:00<\/span>\n\t\t\t\t\t\t<\/div>\n\n\t\t\t\t\t\t<div class=\"rwa-weekly__item-content\">\n\t\t\t\t\t\t\t\t\t\t\t\t\t\t\t<div class=\"rwa-weekly__item-photo\">\n\t\t\t\t\t\t\t\t\t<img decoding=\"async\" src=\"https:\/\/app.asiserver.com\/clientes\/uploads\/programas\/programa_69df8b90e82c88.84137007.png\" alt=\"La Invasora Conectado contigo24\/7\" loading=\"lazy\" \/>\n\t\t\t\t\t\t\t\t<\/div>\n\t\t\t\t\t\t\t\n\t\t\t\t\t\t\t<div class=\"rwa-weekly__item-info\">\n\t\t\t\t\t\t\t\t<h4 class=\"rwa-weekly__item-name\">La Invasora Conectado contigo24\/7<\/h4>\n\n\t\t\t\t\t\t\t\t\n\t\t\t\t\t\t\t\t\t\t\t\t\t\t\t<\/div>\n\t\t\t\t\t\t<\/div>\n\t\t\t\t\t<\/div>\n\t\t\t\t\t\t\t\t\t\t\t\t<\/div>\n\t\t\t\t\t\t<div class=\"rwa-weekly__panel rwa-weekly__panel--active\"\n\t\t\t     data-day=\"jueves\"\n\t\t\t     role=\"tabpanel\">\n\t\t\t\t\t\t\t\t\t\t\t\t\t\t<div class=\"rwa-weekly__item rwa-weekly__item--live\"\n\t\t\t\t\t     data-inicio=\"05:00:00\"\n\t\t\t\t\t     data-fin=\"23:00:00\">\n\n\t\t\t\t\t\t\t\t\t\t\t\t<div class=\"rwa-weekly__live-badge\">\n\t\t\t\t\t\t\t<span class=\"rwa-weekly__live-dot\"><\/span>\n\t\t\t\t\t\t\tEN VIVO\n\t\t\t\t\t\t<\/div>\n\t\t\t\t\t\t\n\t\t\t\t\t\t<div class=\"rwa-weekly__item-time\">\n\t\t\t\t\t\t\t<span class=\"rwa-weekly__time-start\">05:00<\/span>\n\t\t\t\t\t\t\t<span class=\"rwa-weekly__time-sep\">\u2014<\/span>\n\t\t\t\t\t\t\t<span class=\"rwa-weekly__time-end\">23:00<\/span>\n\t\t\t\t\t\t<\/div>\n\n\t\t\t\t\t\t<div class=\"rwa-weekly__item-content\">\n\t\t\t\t\t\t\t\t\t\t\t\t\t\t\t<div class=\"rwa-weekly__item-photo\">\n\t\t\t\t\t\t\t\t\t<img decoding=\"async\" src=\"https:\/\/app.asiserver.com\/clientes\/uploads\/programas\/programa_69df8b90e82c88.84137007.png\" alt=\"La Invasora Conectado contigo24\/7\" loading=\"lazy\" \/>\n\t\t\t\t\t\t\t\t<\/div>\n\t\t\t\t\t\t\t\n\t\t\t\t\t\t\t<div class=\"rwa-weekly__item-info\">\n\t\t\t\t\t\t\t\t<h4 class=\"rwa-weekly__item-name\">La Invasora Conectado contigo24\/7<\/h4>\n\n\t\t\t\t\t\t\t\t\n\t\t\t\t\t\t\t\t\t\t\t\t\t\t\t<\/div>\n\t\t\t\t\t\t<\/div>\n\t\t\t\t\t<\/div>\n\t\t\t\t\t\t\t\t\t\t\t\t<\/div>\n\t\t\t\t\t\t<div class=\"rwa-weekly__panel \"\n\t\t\t     data-day=\"viernes\"\n\t\t\t     role=\"tabpanel\">\n\t\t\t\t\t\t\t\t\t\t\t\t\t\t<div class=\"rwa-weekly__item \"\n\t\t\t\t\t     data-inicio=\"05:00:00\"\n\t\t\t\t\t     data-fin=\"23:00:00\">\n\n\t\t\t\t\t\t\n\t\t\t\t\t\t<div class=\"rwa-weekly__item-time\">\n\t\t\t\t\t\t\t<span class=\"rwa-weekly__time-start\">05:00<\/span>\n\t\t\t\t\t\t\t<span class=\"rwa-weekly__time-sep\">\u2014<\/span>\n\t\t\t\t\t\t\t<span class=\"rwa-weekly__time-end\">23:00<\/span>\n\t\t\t\t\t\t<\/div>\n\n\t\t\t\t\t\t<div class=\"rwa-weekly__item-content\">\n\t\t\t\t\t\t\t\t\t\t\t\t\t\t\t<div class=\"rwa-weekly__item-photo\">\n\t\t\t\t\t\t\t\t\t<img decoding=\"async\" src=\"https:\/\/app.asiserver.com\/clientes\/uploads\/programas\/programa_69df8b90e82c88.84137007.png\" alt=\"La Invasora Conectado contigo24\/7\" loading=\"lazy\" \/>\n\t\t\t\t\t\t\t\t<\/div>\n\t\t\t\t\t\t\t\n\t\t\t\t\t\t\t<div class=\"rwa-weekly__item-info\">\n\t\t\t\t\t\t\t\t<h4 class=\"rwa-weekly__item-name\">La Invasora Conectado contigo24\/7<\/h4>\n\n\t\t\t\t\t\t\t\t\n\t\t\t\t\t\t\t\t\t\t\t\t\t\t\t<\/div>\n\t\t\t\t\t\t<\/div>\n\t\t\t\t\t<\/div>\n\t\t\t\t\t\t\t\t\t\t\t\t<\/div>\n\t\t\t\t\t\t<div class=\"rwa-weekly__panel \"\n\t\t\t     data-day=\"sabado\"\n\t\t\t     role=\"tabpanel\">\n\t\t\t\t\t\t\t\t\t\t\t\t\t\t<div class=\"rwa-weekly__item \"\n\t\t\t\t\t     data-inicio=\"05:00:00\"\n\t\t\t\t\t     data-fin=\"23:00:00\">\n\n\t\t\t\t\t\t\n\t\t\t\t\t\t<div class=\"rwa-weekly__item-time\">\n\t\t\t\t\t\t\t<span class=\"rwa-weekly__time-start\">05:00<\/span>\n\t\t\t\t\t\t\t<span class=\"rwa-weekly__time-sep\">\u2014<\/span>\n\t\t\t\t\t\t\t<span class=\"rwa-weekly__time-end\">23:00<\/span>\n\t\t\t\t\t\t<\/div>\n\n\t\t\t\t\t\t<div class=\"rwa-weekly__item-content\">\n\t\t\t\t\t\t\t\t\t\t\t\t\t\t\t<div class=\"rwa-weekly__item-photo\">\n\t\t\t\t\t\t\t\t\t<img decoding=\"async\" src=\"https:\/\/app.asiserver.com\/clientes\/uploads\/programas\/programa_69df8b90e82c88.84137007.png\" alt=\"La Invasora Conectado contigo24\/7\" loading=\"lazy\" \/>\n\t\t\t\t\t\t\t\t<\/div>\n\t\t\t\t\t\t\t\n\t\t\t\t\t\t\t<div class=\"rwa-weekly__item-info\">\n\t\t\t\t\t\t\t\t<h4 class=\"rwa-weekly__item-name\">La Invasora Conectado contigo24\/7<\/h4>\n\n\t\t\t\t\t\t\t\t\n\t\t\t\t\t\t\t\t\t\t\t\t\t\t\t<\/div>\n\t\t\t\t\t\t<\/div>\n\t\t\t\t\t<\/div>\n\t\t\t\t\t\t\t\t\t\t\t\t<\/div>\n\t\t\t\t\t\t<div class=\"rwa-weekly__panel \"\n\t\t\t     data-day=\"domingo\"\n\t\t\t     role=\"tabpanel\">\n\t\t\t\t\t\t\t\t\t\t\t\t\t\t<div class=\"rwa-weekly__item \"\n\t\t\t\t\t     data-inicio=\"05:00:00\"\n\t\t\t\t\t     data-fin=\"23:00:00\">\n\n\t\t\t\t\t\t\n\t\t\t\t\t\t<div class=\"rwa-weekly__item-time\">\n\t\t\t\t\t\t\t<span class=\"rwa-weekly__time-start\">05:00<\/span>\n\t\t\t\t\t\t\t<span class=\"rwa-weekly__time-sep\">\u2014<\/span>\n\t\t\t\t\t\t\t<span class=\"rwa-weekly__time-end\">23:00<\/span>\n\t\t\t\t\t\t<\/div>\n\n\t\t\t\t\t\t<div class=\"rwa-weekly__item-content\">\n\t\t\t\t\t\t\t\t\t\t\t\t\t\t\t<div class=\"rwa-weekly__item-photo\">\n\t\t\t\t\t\t\t\t\t<img decoding=\"async\" src=\"https:\/\/app.asiserver.com\/clientes\/uploads\/programas\/programa_69df8b90e82c88.84137007.png\" alt=\"La Invasora Conectado contigo24\/7\" loading=\"lazy\" \/>\n\t\t\t\t\t\t\t\t<\/div>\n\t\t\t\t\t\t\t\n\t\t\t\t\t\t\t<div class=\"rwa-weekly__item-info\">\n\t\t\t\t\t\t\t\t<h4 class=\"rwa-weekly__item-name\">La Invasora Conectado contigo24\/7<\/h4>\n\n\t\t\t\t\t\t\t\t\n\t\t\t\t\t\t\t\t\t\t\t\t\t\t\t<\/div>\n\t\t\t\t\t\t<\/div>\n\t\t\t\t\t<\/div>\n\t\t\t\t\t\t\t\t\t\t\t\t<\/div>\n\t\t\t\t\t<\/div>\n\t\t\t\t\t\t<\/div>\n\t\t\t\t<\/div>\n\t\t\t\t\t<\/div>\n\t\t\t\t<\/div>\n\t\t\t\t<\/div>\n\t\t","protected":false},"excerpt":{"rendered":"<p>Nuestra Programaci\u00f3n Lunes Lun Hoy Martes Mar Mi\u00e9rcoles Mi\u00e9 Jueves Jue Viernes Vie S\u00e1bado S\u00e1b Domingo Dom 00:00 \u2014 06:00 Programaci\u00f3n General Tropicana 07:00 \u2014&hellip;<\/p>\n","protected":false},"author":1,"featured_media":0,"parent":0,"menu_order":0,"comment_status":"closed","ping_status":"closed","template":"elementor_header_footer","meta":{"footnotes":""},"class_list":["post-265","page","type-page","status-publish","hentry"],"_links":{"self":[{"href":"https:\/\/lainvasora.com.co\/index.php\/wp-json\/wp\/v2\/pages\/265","targetHints":{"allow":["GET"]}}],"collection":[{"href":"https:\/\/lainvasora.com.co\/index.php\/wp-json\/wp\/v2\/pages"}],"about":[{"href":"https:\/\/lainvasora.com.co\/index.php\/wp-json\/wp\/v2\/types\/page"}],"author":[{"embeddable":true,"href":"https:\/\/lainvasora.com.co\/index.php\/wp-json\/wp\/v2\/users\/1"}],"replies":[{"embeddable":true,"href":"https:\/\/lainvasora.com.co\/index.php\/wp-json\/wp\/v2\/comments?post=265"}],"version-history":[{"count":7,"href":"https:\/\/lainvasora.com.co\/index.php\/wp-json\/wp\/v2\/pages\/265\/revisions"}],"predecessor-version":[{"id":272,"href":"https:\/\/lainvasora.com.co\/index.php\/wp-json\/wp\/v2\/pages\/265\/revisions\/272"}],"wp:attachment":[{"href":"https:\/\/lainvasora.com.co\/index.php\/wp-json\/wp\/v2\/media?parent=265"}],"curies":[{"name":"wp","href":"https:\/\/api.w.org\/{rel}","templated":true}]}}